{"id":232,"date":"2011-09-21T17:40:38","date_gmt":"2011-09-21T15:40:38","guid":{"rendered":"http:\/\/ferienwohnung-freiburg-am-seepark.de\/wordpress\/?page_id=232"},"modified":"2026-01-05T10:05:24","modified_gmt":"2026-01-05T09:05:24","slug":"ihre-ferienwohnung","status":"publish","type":"page","link":"https:\/\/www.ferienwohnung-freiburg-am-seepark.de\/de\/ihre-ferienwohnung\/","title":{"rendered":"2 Zi-FeWo Edith-Stein-Str (II)"},"content":{"rendered":"<div class=\"mhBoxGreen\">2 Zi-FeWo Edith-Stein-Str. (II) &#8211; ab 100 \u20ac<br \/>\nRegistrierungsnummer der Stadt Freiburg: 50150444-1<\/div>\n<blockquote><p>Top-Lage, gepflegte und sehr gut ausgestattete Wohnung! Hier f\u00fchlt man sich wie zuhause!<\/p><\/blockquote>\n<div id=\"hrspec\">&nbsp;<\/div>\n<h4>Fotos<\/h4>\n<p>ngg_shortcode_0_placeholder<br \/>\n<p class=\"info\">Bitte klicken Sie auf die Bilder um sie zu vergr\u00f6\u00dfern.<\/p><\/p>\n<h4>Beschreibung<\/h4>\n<p class=\"dropcaps\">Unsere DTV zertifizierte (***) 2- Zimmer Ferienwohnung (60 qm) ist sehr ruhig gelegen im Freiburger Stadtteil Betzenhausen.<\/p>\n<p>Die Wohnung ist nur wenige Schritte entfernt vom attraktiven Freizeitgel\u00e4nde des Seeparks mit seinem \u00f6ffentlichen Badesee (mit Tretbootverleih im Sommer) und Liegewiesen, beliebten Bierg\u00e4rten, Cafes und verschiedenen Sportanlagen (z.B. Spazier-und Radwegen, Abenteuer-Spielplatz, Minigolfanlage, Fitnessstudio, Tennisanlagen, Hallen-Freibad etc.).<\/p>\n<p>Zur Stadtmitte Freiburgs gelangen sie in 8 Minuten mit der \u00f6ffentlichen Stra\u00dfenbahn, deren Haltestelle sich in unmittelbarer N\u00e4he (ca. 80 m) befindet, oder zu Fu\u00df in ca. 15 Min. Die Universit\u00e4t, die Uni-Klinik und das Messegel\u00e4nde sind mit dem \u00f6ffentlichen Verkehrsmittel wie auch mit dem Auto schnell und einfach zu erreichen.<\/p>\n<p>In unmittelbarer N\u00e4he befinden sich Supermarkt, B\u00e4cker, Lebensmitteldiscounter, Apotheke , \u00c4rzte, Drogerien, Internet-Cafe, zahlreiche Restaurants und Banken. Das neue Europa-Park Stadion des Bundesligavereins Sportclub Freiburg (SCF) im Westen der Stadt Freiburg ist fu\u00dfl\u00e4ufig (in 20 Gehminuten) erreichbar.<\/p>\n<p>Bei Anreise mit dem eigenen PKW steht Ihnen im \u00f6ffentlichen Parkraum vor dem Haus ausreichend Parkm\u00f6glichkeit, oder im Bedarfsfall gegen geringen Aufpreis ein Autoabstellplatz im Tiefgaragengeschoss im gleichen Haus zur Verf\u00fcgung.<\/p>\n<div>&nbsp;<\/div>\n<blockquote><p>Die vollst\u00e4ndige und liebevolle Einrichtung, die bis ins Detail geplant ist!<\/p><\/blockquote>\n<div id=\"hrspec\">&nbsp;<\/div>\n<h4>Fotos<\/h4>\n<p>ngg_shortcode_1_placeholder<br \/>\n<p class=\"info\">Bitte klicken Sie auf die Bilder um sie zu vergr\u00f6\u00dfern.<\/p><\/p>\n<h4>Ausstattung<\/h4>\n<p class=\"dropcaps\">Die ger\u00e4umige und helle Nichtraucher-Ferienwohnung ist neu, modern und zweckm\u00e4\u00dfig eingerichtet. Die Wohnung verf\u00fcgt \u00fcber ein gem\u00fctliches Wohnzimmer mit ausziehbarem Schlafsofa (1.60 m Liegefl\u00e4che), TV-Sat Anlage, Radio, Telefon und Internetzugang (WLAN) sowie einem gem\u00fctlichen Essbereich und Zugang zum gro\u00dfen sonnigen Balkon mit elektrisch bedienbarer Sonnenmarkise.<\/p>\n<p>Das separate Schlafzimmer ist ausgestattet mit zwei Betten (jeweils 90 x 200 cm), einem ger\u00e4umigen Spiegel- Kleiderschrank und einer Frisierkommode, sowie separatem Zugang zum Balkon.<\/p>\n<p>Das komplett neu renovierte Badezimmer verf\u00fcgt \u00fcber eine gro\u00dfe Badewanne, eine Duschkabine und WC.<\/p>\n<p>In der K\u00fcche finden Sie einen ger\u00e4umigen K\u00fchlschrank, Mikrowelle, Wasserkocher, Ceran- Kochfeld, herk\u00f6mmliche Kaffeemaschine, Toaster, Wohnk\u00fcche, sowie eine gem\u00fctliche Essecke.<\/p>\n<p>Tisch-, K\u00fcchen- und Bettw\u00e4sche sowie Hand- und Duscht\u00fccher vorhanden und im Preis inbegriffen.<\/p>\n<p>Sie werden sich wohlf\u00fchlen!<\/p>\n<blockquote><p>Die Wohnung ist sehr geschmackvoll eingerichtet, man f\u00fchlt sich von der 1. Minute an wie zu Hause&#8230;<\/p><\/blockquote>\n<div id=\"hrspec\">&nbsp;<\/div>\n<h4>Buchungskonditionen<\/h4>\n<p>Mindestaufenthalt: 4 \u00dcbernachtungen<br \/>\nBei einem Aufenthalt von 3 \u00dcbernachtungen (nur auf Anfrage) wird ein Kurzzeitzuschlag erhoben<br \/>\nAnreise jeden Tag m\u00f6glich, minimum 1 Person, maximum 4 Personen<\/p>\n<div class=\"boxes about_box\">Ferienwohnung 60qm, 1 Schlafraum, 1Wohn-\/Schlafraum, max. 4 Personen<\/p>\n<p><strong>100,- \u20ac \/ pro Nacht f\u00fcr die 1. Person, jede weitere Person (auch Kinder ab dem 1. Monat) 10 \u20ac<\/strong><\/p>\n<ul>\n<li><strong>Kurzzeitzuschlag f\u00fcr 3 N\u00e4chte:<\/strong>\n<ul>\n<li><strong>100,00 \u20ac<\/strong> einmalig&nbsp;( f\u00fcr 1-2 Personen)&nbsp;<\/li>\n<li><strong>120,00 \u20ac<\/strong> einmalig&nbsp;( f\u00fcr 3-4 Personen)&nbsp;<\/li>\n<\/ul>\n<\/li>\n<li>Saisonzuschlag f\u00fcr die Monate Juli und August auf Anfrage<\/li>\n<li>Langzeitrabatt m\u00f6glich auf Anfrage<\/li>\n<\/ul>\n<h5>Beispiel 1<\/h5>\n<p><strong>3 Personen mit 4 \u00dcbernachtungen:<\/strong><\/p>\n<p><strong>Preis f\u00fcr 1 Tag:<\/strong> 100 \u20ac (1. Person) + 10 \u20ac (2. Person) + 10 \u20ac (3. Person) = 120 \u20ac<\/p>\n<p><strong>Gesamtreisepreis*:<\/strong> 120 \u20ac x 4 \u00dcbernachtungen = 480 \u20ac<\/p>\n<h5>Beispiel 2<\/h5>\n<p><strong>3 Personen mit 3 \u00dcbernachtungen:<\/strong><\/p>\n<p><strong>Preis f\u00fcr 1 Tag:<\/strong> 100 \u20ac (1. Person) + 10 \u20ac (2. Person) + 10 \u20ac (3. Person) = 120 \u20ac<\/p>\n<p><strong>Kurzzeitzuschlag:<\/strong> 120 \u20ac<\/p>\n<p><strong>Gesamtreisepreis*:<\/strong> 120 \u20ac x 3 \u00dcbernachtungen + 120 \u20ac = 480 \u20ac<\/p>\n<p>* <em>siehe Zahlungsmodalit\u00e4ten<\/em><\/p>\n<p><\/div>\n<div class=\"mhBoxGreen\">\n<p><img decoding=\"async\" src=\"\/de\/wp-content\/themes\/HotelBooking\/images\/info.png\" alt=\"\"> <strong><a title=\"Belegunsplan\" href=\"http:\/\/ferienwohnung-freiburg-am-seepark.de\/de\/belegungsplan\/\">Belegungsplan anzeigen \u00bb<\/a><\/strong><\/p>\n<p><img decoding=\"async\" src=\"\/de\/wp-content\/themes\/HotelBooking\/images\/kontakt.png\" alt=\"\"> <strong><a title=\"Unverbindliche Anfrage\" href=\"http:\/\/ferienwohnung-freiburg-am-seepark.de\/de\/ihre-ferienwohnung\/anfrage\/\">Zur unverbindlichen Anfrage \u00bb<\/a><\/strong><\/p>\n<\/div>\n<h4>Zahlungsmodalit\u00e4ten<\/h4>\n<p>Bei verbindlicher Reservierung: Zahlung des Gesamtreisepreises innerhalb von 5 Tagen. Zahlbar per \u00dcberweisung.<\/p>\n<p>Seit dem 01.01.2014 erhebt die Stadt Freiburg f\u00fcr Privatreisende \u00fcber 18 Jahren eine f\u00fcnf prozentige \u00dcbernachtungssteuer.<br \/>\nKinder unter 18 Jahren bezahlen bei uns keine \u00dcbernachtungssteuer.<\/p>\n<h4>Leistungen<\/h4>\n<div class=\"check_list\"><\/p>\n<ul>\n<li>We speak english!<\/li>\n<li>Hablamos espa\u00f1ol! (Tel: +34 616 303712)<\/li>\n<li>On parle fran\u00e7ais!<\/li>\n<li>100 % Preisgarantie<\/li>\n<li>100 % Preisklarheit<\/li>\n<li>100 % Garantie einer sicheren Buchung<\/li>\n<li>Handt\u00fccher und Bettw\u00e4sche inklusiv<\/li>\n<li>Endreinigung inklusiv<\/li>\n<li>Parkpl\u00e4tze gratis im \u00f6ffentlichen Parkraum vor dem Haus vorhanden<\/li>\n<li>Tiefgaragenstellplatz im Haus gegen Aufpreis von 5 \u20ac pro Nacht<\/li>\n<li>Fahrradunterstand<\/li>\n<li>N\u00e4he Flughafen Basel-Mulhouse (ca. 60 km)<\/li>\n<li>N\u00e4he \u00f6ffentliche Nahverkehrsmittel (Stra\u00dfenbahn Haltestelle 80m, Linie 1: Betzenhauser Torplatz. Dauer: 8 Min zur Stadtmitte)<\/li>\n<li>Rauchfreier Gastgeber<\/li>\n<li>Haustiere auf Anfrage<\/li>\n<\/ul>\n<p><\/p><\/div>\n<p>Wir freuen uns auf Ihre Reservierung<\/p>\n<p>Ihre Familie Falk und Bruchh\u00e4user<\/p>\n","protected":false},"excerpt":{"rendered":"<p>2 Zi-FeWo Edith-Stein-Str. (II) &#8211; ab 100 \u20ac Registrierungsnummer der Stadt Freiburg: 50150444-1 Top-Lage, gepflegte und sehr gut ausgestattete Wohnung! Hier f\u00fchlt man sich wie zuhause! &nbsp; Fotos Beschreibung &nbsp; Die vollst\u00e4ndige und liebevolle Einrichtung, die bis ins Detail geplant ist! &nbsp; Fotos Ausstattung Das separate Schlafzimmer ist ausgestattet mit zwei Betten (jeweils 90 x&#133;<\/p>\n","protected":false},"author":1,"featured_media":0,"parent":0,"menu_order":0,"comment_status":"open","ping_status":"closed","template":"","meta":{"ngg_post_thumbnail":0,"footnotes":""},"class_list":["post-232","page","type-page","status-publish","hentry"],"_links":{"self":[{"href":"https:\/\/www.ferienwohnung-freiburg-am-seepark.de\/de\/wp-json\/wp\/v2\/pages\/232","targetHints":{"allow":["GET"]}}],"collection":[{"href":"https:\/\/www.ferienwohnung-freiburg-am-seepark.de\/de\/wp-json\/wp\/v2\/pages"}],"about":[{"href":"https:\/\/www.ferienwohnung-freiburg-am-seepark.de\/de\/wp-json\/wp\/v2\/types\/page"}],"author":[{"embeddable":true,"href":"https:\/\/www.ferienwohnung-freiburg-am-seepark.de\/de\/wp-json\/wp\/v2\/users\/1"}],"replies":[{"embeddable":true,"href":"https:\/\/www.ferienwohnung-freiburg-am-seepark.de\/de\/wp-json\/wp\/v2\/comments?post=232"}],"version-history":[{"count":73,"href":"https:\/\/www.ferienwohnung-freiburg-am-seepark.de\/de\/wp-json\/wp\/v2\/pages\/232\/revisions"}],"predecessor-version":[{"id":1459,"href":"https:\/\/www.ferienwohnung-freiburg-am-seepark.de\/de\/wp-json\/wp\/v2\/pages\/232\/revisions\/1459"}],"wp:attachment":[{"href":"https:\/\/www.ferienwohnung-freiburg-am-seepark.de\/de\/wp-json\/wp\/v2\/media?parent=232"}],"curies":[{"name":"wp","href":"https:\/\/api.w.org\/{rel}","templated":true}]}}