{"id":281,"date":"2011-09-21T20:29:25","date_gmt":"2011-09-21T18:29:25","guid":{"rendered":"http:\/\/ferienwohnung-freiburg-am-seepark.de\/wordpress\/?page_id=281"},"modified":"2018-07-10T11:26:40","modified_gmt":"2018-07-10T09:26:40","slug":"seepark-umgebung","status":"publish","type":"page","link":"https:\/\/www.ferienwohnung-freiburg-am-seepark.de\/de\/anreise\/seepark-umgebung\/","title":{"rendered":"Seepark &#038; Umgebung"},"content":{"rendered":"<blockquote><p>Super Lage am Seepark. Innenstadt schnell mit der Stra\u00dfenbahn zu erreichen.<\/p><\/blockquote>\n<div id=\"hrspec\">&nbsp;<\/div>\n<h4>Fotos Seepark<\/h4>\nngg_shortcode_0_placeholder\n<h4>Fotos Schauinsland<\/h4>\nngg_shortcode_1_placeholder\n<h4>Stadt Freiburg<\/h4>\n<p>ngg_shortcode_2_placeholder<br \/>\n<p class=\"info\">Bitte klicken Sie auf die Bilder um sie zu vergr\u00f6\u00dfern.<\/p><\/p>\n<h4>Seepark Freiburg<\/h4>\n<p class=\"dropcaps\">Der Seepark im Freiburger Stadtteil Betzenhausen ist das ehemalige Gel\u00e4nde der Landesgartenschau 1986. Es besteht aus einem insgesamt rund 35 Hektar gro\u00dfem Naherholungsgebiet mit einem etwa 10 Hektar gro\u00dfen k\u00fcnstlichen See, dem Fl\u00fcckigersee. Im Nordosten steht der 15 Meter hohe Seeparkturm.<\/p>\n<p>Bis zum Beginn des 20. Jahrhunderts wurde auf der Fl\u00e4che des heutigen Seeparks haupts\u00e4chlich Landwirtschaft betrieben. Da aber der dort vorhandene Schotterboden sich nur schlecht f\u00fcr den Anbau von Getreide eignete, siedelte sich in den 1920er Jahren die Firma Fl\u00fcckiger hier an, um Sand und Kies abzubauen. Mit der zunehmenden Ausbreitung der Stadt in Richtung Westen lag das Gebiet immer zwischen der Bebauung, so dass in den 1970er Jahren der Kiesabbau nach und nach eingestellt wurde, um eine Parkanlage zu schaffen. Damit wurde zu Beginn der 1980er Jahre begonnen, jedoch f\u00fchrte erst die erfolgreiche Bewerbung zur Ausrichtung der Landesgartenschau 1986 zur Ausgestaltung im noch heute bestehenden Umfang. Die Landesgartenschau z\u00e4hlte etwa zwei Millionen Besucher.<\/p>\n<p>1990 wurde im Westen des Gebietes aufgrund der St\u00e4dtepartnerschaft mit der japanischen Stadt Matsuyama ein 3600 m\u00b2 gro\u00dfer japanischer Garten gestaltet.<\/p>\n<h4>Schauinsland<\/h4>\n<p class=\"dropcaps\">Der Schauinsland im Schwarzwald ist der Hausberg von Freiburg im Breisgau und ein beliebtes Ausflugsziel; fr\u00fcher hie\u00df er wegen des Silberbergbaus \u201eErzkasten\u201c. Er liegt ca. 10 km s\u00fcd\u00f6stlich der Stadt.<\/p>\n<p class=\"dropcaps\">Die Schauinslandbahn ist die l\u00e4ngste Gondelbahn Deutschlands. Sie f\u00fchrt von der Talstation in Horben bei Freiburg im Breisgau auf den Gipfel des Schauinsland. Dabei \u00fcberwindet sie auf einer L\u00e4nge von 3600 Metern einen H\u00f6henunterschied von 746 Metern. Die 37 schaffnerlosen Kabinen k\u00f6nnen bis zu 700 Personen pro Stunde transportieren, pro Jahr sind es rund 240.000 Fahrg\u00e4ste.<\/p>\n<p><\/p>\n<p><p class=\"note\">Quelle: Wikipedia<\/p><br \/>\n<p class=\"info\">Link zu der offiziellen Website: <a title=\"Seepark\" href=\"http:\/\/www.freiburg.de\/pb\/,Lde\/233132.html\" target=\"_blank\" rel=\"noopener\">Seepark-Freiburg<\/a><\/p>\n<p>Link zu der offiziellen Website: <a title=\"Schauinsland\" href=\"http:\/\/www.bergwelt-schauinsland.de\" target=\"_blank\" rel=\"noopener\">Bergwelt Schauinsland<\/a><br \/>\n<\/p><\/p>\n","protected":false},"excerpt":{"rendered":"<p>Super Lage am Seepark. Innenstadt schnell mit der Stra\u00dfenbahn zu erreichen. &nbsp; Fotos Seepark Fotos Schauinsland Stadt Freiburg Seepark Freiburg Schauinsland<\/p>\n","protected":false},"author":1,"featured_media":0,"parent":338,"menu_order":0,"comment_status":"open","ping_status":"open","template":"","meta":{"ngg_post_thumbnail":0,"footnotes":""},"class_list":["post-281","page","type-page","status-publish","hentry"],"_links":{"self":[{"href":"https:\/\/www.ferienwohnung-freiburg-am-seepark.de\/de\/wp-json\/wp\/v2\/pages\/281","targetHints":{"allow":["GET"]}}],"collection":[{"href":"https:\/\/www.ferienwohnung-freiburg-am-seepark.de\/de\/wp-json\/wp\/v2\/pages"}],"about":[{"href":"https:\/\/www.ferienwohnung-freiburg-am-seepark.de\/de\/wp-json\/wp\/v2\/types\/page"}],"author":[{"embeddable":true,"href":"https:\/\/www.ferienwohnung-freiburg-am-seepark.de\/de\/wp-json\/wp\/v2\/users\/1"}],"replies":[{"embeddable":true,"href":"https:\/\/www.ferienwohnung-freiburg-am-seepark.de\/de\/wp-json\/wp\/v2\/comments?post=281"}],"version-history":[{"count":22,"href":"https:\/\/www.ferienwohnung-freiburg-am-seepark.de\/de\/wp-json\/wp\/v2\/pages\/281\/revisions"}],"predecessor-version":[{"id":1169,"href":"https:\/\/www.ferienwohnung-freiburg-am-seepark.de\/de\/wp-json\/wp\/v2\/pages\/281\/revisions\/1169"}],"up":[{"embeddable":true,"href":"https:\/\/www.ferienwohnung-freiburg-am-seepark.de\/de\/wp-json\/wp\/v2\/pages\/338"}],"wp:attachment":[{"href":"https:\/\/www.ferienwohnung-freiburg-am-seepark.de\/de\/wp-json\/wp\/v2\/media?parent=281"}],"curies":[{"name":"wp","href":"https:\/\/api.w.org\/{rel}","templated":true}]}}