{"id":803,"date":"2014-11-24T16:46:00","date_gmt":"2014-11-24T15:46:00","guid":{"rendered":"http:\/\/ferienwohnung-freiburg-am-seepark.de\/de\/?page_id=803"},"modified":"2025-12-24T10:36:42","modified_gmt":"2025-12-24T09:36:42","slug":"ferienwohnungen","status":"publish","type":"page","link":"https:\/\/www.ferienwohnung-freiburg-am-seepark.de\/de\/ferienwohnungen\/","title":{"rendered":"Ferienwohnungen"},"content":{"rendered":"<div id=\"attachment_1014\" style=\"width: 310px\" class=\"wp-caption alignleft\"><a href=\"http:\/\/ferienwohnung-freiburg-am-seepark.de\/de\/studio-1-zimmer\/\"><img loading=\"lazy\" decoding=\"async\" aria-describedby=\"caption-attachment-1014\" class=\"wp-image-1014 size-medium\" src=\"http:\/\/ferienwohnung-freiburg-am-seepark.de\/de\/wp-content\/uploads\/2014\/11\/Fewo1-300x200.jpg\" alt=\"1 Zi-FeWo Schlippehof 1. OG (I) \u2013 ab 45 \u20ac\" width=\"300\" height=\"200\" srcset=\"https:\/\/www.ferienwohnung-freiburg-am-seepark.de\/de\/wp-content\/uploads\/2014\/11\/Fewo1-300x200.jpg 300w, https:\/\/www.ferienwohnung-freiburg-am-seepark.de\/de\/wp-content\/uploads\/2014\/11\/Fewo1.jpg 1024w\" sizes=\"auto, (max-width: 300px) 100vw, 300px\" \/><\/a><p id=\"caption-attachment-1014\" class=\"wp-caption-text\">1 Zi-FeWo Schlippehof 1. OG (I) \u2013 ab 75 \u20ac<br \/><sup>Registrierungsnr. der Stadt Freiburg: 50150444-3<\/sup><\/p><\/div>\n<p><b>1 Zi-FeWo Schlippehof 1. OG (I) \u2013 ab 75 \u20ac<\/b><br \/>\nDie Wohnung ist zweckm\u00e4\u00dfig, modern und neu eingerichtet. Sie bietet auf einer Gesamtfl\u00e4che von 26 qm ein ger\u00e4umiges, helles Wohn-Schlafzimmer mit einem sonnigen Balkon, eine im Wohnbereich integrierte K\u00fcchenzeile und ein separates Badezimmer mit Dusche und WC. Die Wohnung ist ausgestattet mit Internetzugang (WLAN) &#8230;<\/p>\n<p><a href=\"http:\/\/ferienwohnung-freiburg-am-seepark.de\/de\/studio-1-zimmer\/\">Lesen Sie weiter <\/a><\/p>\n<div id=\"hrspec\" style=\"clear: both;\">&nbsp;<\/div>\n<p>&nbsp;<\/p>\n<div id=\"attachment_1015\" style=\"width: 310px\" class=\"wp-caption alignleft\"><a href=\"http:\/\/ferienwohnung-freiburg-am-seepark.de\/de\/ihre-ferienwohnung\/\"><img loading=\"lazy\" decoding=\"async\" aria-describedby=\"caption-attachment-1015\" class=\"size-medium wp-image-1015\" src=\"http:\/\/ferienwohnung-freiburg-am-seepark.de\/de\/wp-content\/uploads\/2014\/11\/Fewo2-300x199.jpg\" alt=\"2 Zi-FeWo Edith-Stein-Str. (II) \u2013 ab 60 \u20ac\" width=\"300\" height=\"199\" srcset=\"https:\/\/www.ferienwohnung-freiburg-am-seepark.de\/de\/wp-content\/uploads\/2014\/11\/Fewo2-300x199.jpg 300w, https:\/\/www.ferienwohnung-freiburg-am-seepark.de\/de\/wp-content\/uploads\/2014\/11\/Fewo2.jpg 800w\" sizes=\"auto, (max-width: 300px) 100vw, 300px\" \/><\/a><p id=\"caption-attachment-1015\" class=\"wp-caption-text\">2 Zi-FeWo Edith-Stein-Str. (II) \u2013 ab 100 \u20ac<br \/><sup>Registrierungsnr. der Stadt Freiburg: 50150444-1<\/sup><\/p><\/div>\n<p><b>2 Zi-FeWo Edith-Stein-Str. (II) \u2013 ab 100 \u20ac<\/b><br \/>\nDie ger\u00e4umige und helle Nichtraucher-Ferienwohnung ist neu, modern und zweckm\u00e4\u00dfig eingerichtet. Die Wohnung verf\u00fcgt \u00fcber ein gem\u00fctliches Wohnzimmer mit ausziehbarem Schlafsofa (1.60 m Liegefl\u00e4che), TV-Sat Anlage, Radio, Telefon und Internetzugang (WLAN) sowie einem gem\u00fctlichen &#8230;<\/p>\n<p><a href=\"http:\/\/ferienwohnung-freiburg-am-seepark.de\/de\/ihre-ferienwohnung\/\">Lesen Sie weiter<\/a><\/p>\n<div id=\"hrspec\" style=\"clear: both;\">&nbsp;<\/div>\n<p>&nbsp;<\/p>\n<div id=\"attachment_1012\" style=\"width: 310px\" class=\"wp-caption alignleft\"><a href=\"http:\/\/ferienwohnung-freiburg-am-seepark.de\/de\/1-zi-fewo-sundgauallee-iii\/\"><img loading=\"lazy\" decoding=\"async\" aria-describedby=\"caption-attachment-1012\" class=\"size-medium wp-image-1012\" src=\"http:\/\/ferienwohnung-freiburg-am-seepark.de\/de\/wp-content\/uploads\/2014\/11\/Fewo3-300x169.jpg\" alt=\"1 Zi-FeWo Sundgauallee (III) \u2013 ab 45 \u20ac\" width=\"300\" height=\"169\" srcset=\"https:\/\/www.ferienwohnung-freiburg-am-seepark.de\/de\/wp-content\/uploads\/2014\/11\/Fewo3-300x169.jpg 300w, https:\/\/www.ferienwohnung-freiburg-am-seepark.de\/de\/wp-content\/uploads\/2014\/11\/Fewo3.jpg 800w\" sizes=\"auto, (max-width: 300px) 100vw, 300px\" \/><\/a><p id=\"caption-attachment-1012\" class=\"wp-caption-text\">1 Zi-FeWo Sundgauallee (III) \u2013 ab 75 \u20ac<br \/><sup>Registrierungsnr. der Stadt Freiburg: 50150444-4<\/sup><\/p><\/div>\n<p><b>1 Zi-FeWo Sundgauallee (III) \u2013 ab 75 \u20ac<\/b><br \/>\nDie Wohnung ist ausgestattet mit 2 Betten (jeweils 90\u00d7200 cm) sowie 2 ausziehbaren Sesseln mit jeweils einer Liegefl\u00e4che von 88x190cm (Lattenrost mit Matratzenauflage) ,TV\/Sat-Anlage, Radio, Telefon, Internetzugang (WLAN), die K\u00fcche mit Toaster, Wasserkocher &#8230;<\/p>\n<p><a href=\"http:\/\/ferienwohnung-freiburg-am-seepark.de\/de\/1-zi-fewo-sundgauallee-iii\/\">Lesen Sie weiter<\/a><\/p>\n<div id=\"hrspec\" style=\"clear: both;\">&nbsp;<\/div>\n<p>&nbsp;<\/p>\n<div id=\"attachment_1013\" style=\"width: 310px\" class=\"wp-caption alignleft\"><a href=\"http:\/\/ferienwohnung-freiburg-am-seepark.de\/de\/1-zi-fewo-schlippehof-iv\/\"><img loading=\"lazy\" decoding=\"async\" aria-describedby=\"caption-attachment-1013\" class=\"wp-image-1013 size-medium\" src=\"http:\/\/ferienwohnung-freiburg-am-seepark.de\/de\/wp-content\/uploads\/2014\/11\/Fewo4-300x169.jpg\" alt=\"1 Zi-FeWo Schlippehof EG (IV) \u2013 ab 45 \u20ac\" width=\"300\" height=\"169\" srcset=\"https:\/\/www.ferienwohnung-freiburg-am-seepark.de\/de\/wp-content\/uploads\/2014\/11\/Fewo4-300x169.jpg 300w, https:\/\/www.ferienwohnung-freiburg-am-seepark.de\/de\/wp-content\/uploads\/2014\/11\/Fewo4.jpg 800w\" sizes=\"auto, (max-width: 300px) 100vw, 300px\" \/><\/a><p id=\"caption-attachment-1013\" class=\"wp-caption-text\">1 Zi-FeWo Schlippehof EG (IV) \u2013 ab 75 \u20ac<br \/><sup>Registrierungsnr. der Stadt Freiburg: 50150444-2<\/sup><\/p><\/div>\n<p><b>1 Zi-FeWo Schlippehof EG (IV) \u2013 ab 75 \u20ac<\/b><br \/>\nDie Nichtraucher-Wohnung bietet auf einer Gesamtfl\u00e4che von 34 qm ein ger\u00e4umiges Wohn-Schlafzimmer mit Internetzugang (WLAN), eine im Wohnbereich integrierte K\u00fcchenzeile mit kleiner Essecke und einem separaten Badezimmer mit Dusche und WC (F\u00f6hn vorhanden) &#8230;<\/p>\n<p><a href=\"http:\/\/ferienwohnung-freiburg-am-seepark.de\/de\/1-zi-fewo-schlippehof-iv\/\">Lesen Sie weiter<\/a><\/p>\n<div id=\"hrspec\" style=\"clear: both;\">&nbsp;<\/div>\n","protected":false},"excerpt":{"rendered":"<p>1 Zi-FeWo Schlippehof 1. OG (I) \u2013 ab 75 \u20ac Die Wohnung ist zweckm\u00e4\u00dfig, modern und neu eingerichtet. Sie bietet auf einer Gesamtfl\u00e4che von 26 qm ein ger\u00e4umiges, helles Wohn-Schlafzimmer mit einem sonnigen Balkon, eine im Wohnbereich integrierte K\u00fcchenzeile und ein separates Badezimmer mit Dusche und WC. Die Wohnung ist ausgestattet mit Internetzugang (WLAN) &#8230;&#133;<\/p>\n","protected":false},"author":1,"featured_media":0,"parent":0,"menu_order":0,"comment_status":"open","ping_status":"open","template":"","meta":{"ngg_post_thumbnail":0,"footnotes":""},"class_list":["post-803","page","type-page","status-publish","hentry"],"_links":{"self":[{"href":"https:\/\/www.ferienwohnung-freiburg-am-seepark.de\/de\/wp-json\/wp\/v2\/pages\/803","targetHints":{"allow":["GET"]}}],"collection":[{"href":"https:\/\/www.ferienwohnung-freiburg-am-seepark.de\/de\/wp-json\/wp\/v2\/pages"}],"about":[{"href":"https:\/\/www.ferienwohnung-freiburg-am-seepark.de\/de\/wp-json\/wp\/v2\/types\/page"}],"author":[{"embeddable":true,"href":"https:\/\/www.ferienwohnung-freiburg-am-seepark.de\/de\/wp-json\/wp\/v2\/users\/1"}],"replies":[{"embeddable":true,"href":"https:\/\/www.ferienwohnung-freiburg-am-seepark.de\/de\/wp-json\/wp\/v2\/comments?post=803"}],"version-history":[{"count":27,"href":"https:\/\/www.ferienwohnung-freiburg-am-seepark.de\/de\/wp-json\/wp\/v2\/pages\/803\/revisions"}],"predecessor-version":[{"id":1395,"href":"https:\/\/www.ferienwohnung-freiburg-am-seepark.de\/de\/wp-json\/wp\/v2\/pages\/803\/revisions\/1395"}],"wp:attachment":[{"href":"https:\/\/www.ferienwohnung-freiburg-am-seepark.de\/de\/wp-json\/wp\/v2\/media?parent=803"}],"curies":[{"name":"wp","href":"https:\/\/api.w.org\/{rel}","templated":true}]}}