{"id":816,"date":"2014-11-24T18:12:36","date_gmt":"2014-11-24T17:12:36","guid":{"rendered":"http:\/\/ferienwohnung-freiburg-am-seepark.de\/de\/?page_id=816"},"modified":"2026-01-02T11:17:32","modified_gmt":"2026-01-02T10:17:32","slug":"1-zi-fewo-sundgauallee-iii","status":"publish","type":"page","link":"https:\/\/www.ferienwohnung-freiburg-am-seepark.de\/de\/1-zi-fewo-sundgauallee-iii\/","title":{"rendered":"1 Zi-FeWo Sundgauallee (III)"},"content":{"rendered":"<div class=\"mhBoxRed\">1 Zi-FeWo Sundgauallee (III) &#8211; ab 75 \u20ac<br \/>\nRegistrierungsnummer der Stadt Freiburg: 50150444-4<\/div>\n<div>\n<blockquote><p>Top-Lage, gepflegte und sehr gut ausgestattete Wohnung! Hier f\u00fchlt man sich wie zuhause!<\/p><\/blockquote>\n<div id=\"hrspec\">&nbsp;<\/div>\n<h4>Fotos<\/h4>\n<p>ngg_shortcode_0_placeholder<br \/>\n<p class=\"info\">Bitte klicken Sie auf die Bilder um sie zu vergr\u00f6\u00dfern.<\/p><\/p>\n<h4>Beschreibung<\/h4>\n<\/div>\n<div>\n<p class=\"dropcaps\">Unsere 1- Zi-Fe-Wo (34 qm) ist sehr ruhig gelegen im Freiburger Stadtteil Betzenhausen in der gr\u00fcnen Ebene Freiburgs. Dieser Stadtteil bietet seinen Bewohnern einen hohen Wohn-und Freizeitwert. Die Wohnung ist nur wenige Schritte entfernt vom attraktiven Freizeitgel\u00e4nde des Seeparks mit seinem \u00f6ffentlichen Badesee (Tretbootverleih im Sommer) und Liegewiesen, beliebten Bierg\u00e4rten, Cafes, Restaurants und verschiedenen Sportanlagen (z.B. Spazier-und Radwegen, Abenteuer-Spielplatz, Minigolfanlage, Fitnessstudio, Tennisanlagen, Hallen-Freibad etc.).<\/p>\n<p>Zur Stadtmitte gelangen Sie in 8 Minuten mit der \u00f6ffentlichen Stra\u00dfenbahn, deren Haltestelle sich direkt vor der Haust\u00fcre befindet. Die Universit\u00e4t, die Uni-Klinik und das Messegel\u00e4nde sind mit der Stra-Ba wie auch mit dem Auto schnell und einfach zu erreichen. In unmittelbarer N\u00e4he befinden sich Supermarkt, B\u00e4cker, Lebensmitteldiscounter, Apotheke, \u00c4rzte, Drogerie, Internet-Cafe, zahlreiche Restaurants und Banken.<\/p>\n<p>Das neue Europa-Park Stadion des Bundesligavereins Sportclub Freiburg (SCF) im Westen der Stadt Freiburg ist fu\u00dfl\u00e4ufig (in 20 Gehminuten) erreichbar.<\/p>\n<p>Eine Waschmaschine zur gemeinschaftlichen Nutzung befindet sich im 4. OG des Hauses.<br \/>\n<\/p>\n<\/div>\n<div>&nbsp;<\/div>\n<div>\n<p>Bei Anreise mit dem PKW stehen Ihnen auf der s\u00fcdlichen Hausr\u00fcckseite (Freytagstr.) ausreichend Parkm\u00f6glichkeit im \u00f6ffentlichen Parkraum mit direktem Zugang zum Haus , oder im Bedarfsfall gegen geringen Aufpreis ein Autoabstellplatz im ebenerdigen Garagengeschoss im gleichen Haus zur Verf\u00fcgung.<\/p>\n<\/div>\n<h4>Ausstattung<\/h4>\n<div><p class=\"dropcaps\">Die vom DTV mit *** klassifizierte 1 Zi-Wohnung (Studio) ist ruhig gelegen im 3.OG auf der stra\u00dfenabgewandten S\u00fcdseite des Hauses. Sie ist modern und zweckm\u00e4\u00dfig eingerichtet und eignet sich f\u00fcr 2 Erwachsene und 2 Kindern und bietet auf einer Gesamtfl\u00e4che von 34 qm ein ger\u00e4umiges, helles Wohn-Schlafzimmer mit sonniger Loggia, eine sep. offene K\u00fcche und ein sep. Bad mit Dusche und WC (u. F\u00f6hn ).<\/div>\n<div>&nbsp;<\/div>\n<div>Die Wohnung ist ausgestattet mit 2 Betten (jeweils 90&#215;200 cm) sowie 2 ausziehbaren Sesseln mit jeweils einer Liegefl\u00e4che von 88x190cm (Lattenrost mit Matratzenauflage) ,TV\/Sat-Anlage, Radio, Telefon, Internetzugang (WLAN), die K\u00fcche mit Toaster, Wasserkocher, herk\u00f6mmlicher Kaffeemaschine und Mikrowelle.<\/p><\/div>\n<div>&nbsp;<\/div>\n<blockquote><p>Die Wohnung ist sehr geschmackvoll eingerichtet, man f\u00fchlt sich von der 1. Minute an wie zu Hause&#8230;<\/p><\/blockquote>\n<div id=\"hrspec\">&nbsp;<\/div>\n<h4>Buchungskonditionen<\/h4>\n<p>Mindestaufenthalt: 4 \u00dcbernachtungen<br \/>\nBei einem Aufenthalt von 3 \u00dcbernachtungen (nur auf Anfrage) wird ein Kurzzeitzuschlag erhoben<br \/>\nAnreise jeden Tag m\u00f6glich, minimum 1 Person, maximum 4 Personen<\/p>\n<div class=\"boxes about_box\">Studio 34qm, 1 Wohn-\/Schlafraum, max. 4 Personen<\/p>\n<p><strong>75,- \u20ac \/ pro Nacht f\u00fcr die 1. Person, jede weitere Person (auch Kinder ab dem 1. Monat) 10 \u20ac<\/strong><\/p>\n<ul>\n<li><strong>Kurzzeitzuschlag f\u00fcr 3 N\u00e4chte:<\/strong>\n<ul>\n<li><strong>80,00 \u20ac<\/strong> einmalig&nbsp;( f\u00fcr 1-2 Personen)&nbsp;<\/li>\n<li><strong>100,00 \u20ac<\/strong> einmalig&nbsp;( f\u00fcr 3-4 Personen)&nbsp;<\/li>\n<\/ul>\n<\/li>\n<li>Saisonzuschlag f\u00fcr die Monate Juli und August auf Anfrage<\/li>\n<li>Langzeitrabatt m\u00f6glich auf Anfrage<\/li>\n<\/ul>\n<h5>Beispiel 1<\/h5>\n<p><strong>3 Personen mit 4 \u00dcbernachtungen:<\/strong><\/p>\n<p><strong>Preis f\u00fcr 1 Tag:<\/strong> 75 \u20ac (1. Person) + 10 \u20ac (2. Person) + 10 \u20ac (3. Person) = 95 \u20ac<\/p>\n<p><strong>Gesamtreisepreis*:<\/strong> 95 \u20ac x 4 \u00dcbernachtungen = 380 \u20ac<\/p>\n<h5>Beispiel 2<\/h5>\n<p><strong>3 Personen mit 3 \u00dcbernachtungen:<\/strong><\/p>\n<p><strong>Preis f\u00fcr 1 Tag:<\/strong> 75 \u20ac (1. Person) + 10 \u20ac (2. Person) + 10 \u20ac (3. Person) = 95 \u20ac<\/p>\n<p><strong>Kurzzeitzuschlag:<\/strong> 100 \u20ac<\/p>\n<p><strong>Gesamtreisepreis*:<\/strong> 95 \u20ac x 3 \u00dcbernachtungen + 100 \u20ac = 385 \u20ac<\/p>\n<p>* <em>siehe Zahlungsmodalit\u00e4ten<\/em><\/p>\n<p><\/div>\n<div class=\"mhBoxRed\">\n<p><img decoding=\"async\" src=\"\/de\/wp-content\/themes\/HotelBooking\/images\/info.png\" alt=\"\"> <strong><a title=\"Belegunsplan\" href=\"http:\/\/ferienwohnung-freiburg-am-seepark.de\/de\/belegungsplan\/\">Belegungsplan anzeigen \u00bb<\/a><\/strong><\/p>\n<p><img decoding=\"async\" src=\"\/de\/wp-content\/themes\/HotelBooking\/images\/kontakt.png\" alt=\"\"> <strong><a title=\"Unverbindliche Anfrage\" href=\"http:\/\/ferienwohnung-freiburg-am-seepark.de\/de\/1-zi-fewo-sundgauallee-iii\/unverbindliche-anfrage\/\">Zur unverbindlichen Anfrage \u00bb<\/a><\/strong><\/p>\n<\/div>\n<h4>Zahlungsmodalit\u00e4ten<\/h4>\n<p>Bei verbindlicher Reservierung: Zahlung des Gesamtreisepreises innerhalb von 5 Tagen. Zahlbar per \u00dcberweisung.<\/p>\n<p>Seit dem 01.01.2014 erhebt die Stadt Freiburg f\u00fcr Privatreisende \u00fcber 18 Jahren eine f\u00fcnf prozentige \u00dcbernachtungssteuer.<br \/>\nKinder unter 18 Jahren bezahlen bei uns keine \u00dcbernachtungssteuer.<\/p>\n<h4>Leistungen<\/h4>\n<div class=\"check_list\"><\/p>\n<ul>\n<li>We speak english!<\/li>\n<li>Hablamos espa\u00f1ol! (Tel: +34 616 303712)<\/li>\n<li>On parle fran\u00e7ais!<\/li>\n<li>100 % Preisgarantie<\/li>\n<li>100 % Preisklarheit<\/li>\n<li>100 % Garantie einer sicheren Buchung<\/li>\n<li>Handt\u00fccher und Bettw\u00e4sche inklusiv<\/li>\n<li>Endreinigung inklusiv<\/li>\n<li>Parkpl\u00e4tze gratis im \u00f6ffentlichen Parkraum vor dem Haus vorhanden<\/li>\n<li>Tiefgaragenstellplatz im Haus gegen Aufpreis von 5 \u20ac pro Nacht<\/li>\n<li>Fahrradunterstand<\/li>\n<li>N\u00e4he Flughafen Basel-Mulhouse (ca. 60 km)<\/li>\n<li>N\u00e4he \u00f6ffentliche Nahverkehrsmittel (Stra\u00dfenbahn direkt vor der Haust\u00fcr, Linie 1: Betzenhauser Torplatz. Dauer: 8 Min zur Stadtmitte)<\/li>\n<li>Rauchfreier Gastgeber<\/li>\n<li>Haustiere auf Anfrage<\/li>\n<\/ul>\n<p><\/p><\/div>\n<p>Wir freuen uns auf Ihre Reservierung<\/p>\n<p>Ihre Familie Falk und Bruchh\u00e4user<\/p>\n","protected":false},"excerpt":{"rendered":"<p>1 Zi-FeWo Sundgauallee (III) &#8211; ab 75 \u20ac Registrierungsnummer der Stadt Freiburg: 50150444-4 Top-Lage, gepflegte und sehr gut ausgestattete Wohnung! Hier f\u00fchlt man sich wie zuhause! &nbsp; Fotos Beschreibung &nbsp; Bei Anreise mit dem PKW stehen Ihnen auf der s\u00fcdlichen Hausr\u00fcckseite (Freytagstr.) ausreichend Parkm\u00f6glichkeit im \u00f6ffentlichen Parkraum mit direktem Zugang zum Haus , oder im&#133;<\/p>\n","protected":false},"author":1,"featured_media":0,"parent":0,"menu_order":0,"comment_status":"open","ping_status":"open","template":"","meta":{"ngg_post_thumbnail":0,"footnotes":""},"class_list":["post-816","page","type-page","status-publish","hentry"],"_links":{"self":[{"href":"https:\/\/www.ferienwohnung-freiburg-am-seepark.de\/de\/wp-json\/wp\/v2\/pages\/816","targetHints":{"allow":["GET"]}}],"collection":[{"href":"https:\/\/www.ferienwohnung-freiburg-am-seepark.de\/de\/wp-json\/wp\/v2\/pages"}],"about":[{"href":"https:\/\/www.ferienwohnung-freiburg-am-seepark.de\/de\/wp-json\/wp\/v2\/types\/page"}],"author":[{"embeddable":true,"href":"https:\/\/www.ferienwohnung-freiburg-am-seepark.de\/de\/wp-json\/wp\/v2\/users\/1"}],"replies":[{"embeddable":true,"href":"https:\/\/www.ferienwohnung-freiburg-am-seepark.de\/de\/wp-json\/wp\/v2\/comments?post=816"}],"version-history":[{"count":40,"href":"https:\/\/www.ferienwohnung-freiburg-am-seepark.de\/de\/wp-json\/wp\/v2\/pages\/816\/revisions"}],"predecessor-version":[{"id":1457,"href":"https:\/\/www.ferienwohnung-freiburg-am-seepark.de\/de\/wp-json\/wp\/v2\/pages\/816\/revisions\/1457"}],"wp:attachment":[{"href":"https:\/\/www.ferienwohnung-freiburg-am-seepark.de\/de\/wp-json\/wp\/v2\/media?parent=816"}],"curies":[{"name":"wp","href":"https:\/\/api.w.org\/{rel}","templated":true}]}}