{"id":818,"date":"2014-11-24T18:13:23","date_gmt":"2014-11-24T17:13:23","guid":{"rendered":"http:\/\/ferienwohnung-freiburg-am-seepark.de\/de\/?page_id=818"},"modified":"2026-01-02T11:17:20","modified_gmt":"2026-01-02T10:17:20","slug":"1-zi-fewo-schlippehof-iv","status":"publish","type":"page","link":"https:\/\/www.ferienwohnung-freiburg-am-seepark.de\/de\/1-zi-fewo-schlippehof-iv\/","title":{"rendered":"1 Zi-FeWo Schlippehof (IV)"},"content":{"rendered":"<div class=\"mhBoxYellow\">1 Zi-FeWo Schlippehof EG (IV) &#8211; ab 75 \u20ac<br \/>\nRegistrierungsnummer der Stadt Freiburg: 50150444-2<\/div>\n<div>\n<blockquote><p>Top-Lage, gepflegte und sehr gut ausgestattete Wohnung! Hier f\u00fchlt man sich wie zuhause!<\/p><\/blockquote>\n<div id=\"hrspec\">&nbsp;<\/div>\n<h4>Fotos<\/h4>\n<p>ngg_shortcode_0_placeholder<br \/>\n<p class=\"info\">Bitte klicken Sie auf die Bilder um sie zu vergr\u00f6\u00dfern.<\/p><\/p>\n<h4>Beschreibung<\/h4>\n<\/div>\n<div>&nbsp;<\/div>\n<div>&nbsp;<\/div>\n<div><p class=\"dropcaps\">Dieses klassische 1 Zimmer-Appartement befindet sich in \u00e4u\u00dferst ruhiger Lage im Erdgeschoss auf der Gartenseite eines in massiver Bauweise und ansprechender Architektur erstellten Mehrfamilienhauses. Der Stadtteil Betzenhausen, in der gr\u00fcnen Ebene Freiburgs, bietet seinen Bewohnern und Besuchern einen hohen Wohn- und Freizeitwert.<\/p><\/div>\n<div>&nbsp;<\/div>\n<div>Die Wohnung befindet sich in direkter N\u00e4he zum attraktiven Freizeitgel\u00e4nde des Seeparks mit seinem \u00f6ffentlichen Badesee (mit Tretbootverleih im Sommer) und Liegewiesen, beliebten Bierg\u00e4rten, Cafes und verschiedenen Sportanlagen (z.B Spazier-und Radwegen), Abenteuerspielplatz, Minigolfanlage, Fitnessstudios, Tennisanlagen, Hallenfreibad. Sie finden hier alle Versorgungseinrichtungen f\u00fcr den t\u00e4glichen Bedarf wie Superm\u00e4rkte, B\u00e4cker, Apotheke, Drogerie, Banken, Internetcafe, medizinische Einrichtungen und zahlreiche Restaurants. Mit der Stra\u00dfenbahnlinie 1 k\u00f6nnen Sie die Freiburger Innenstadt in 8 Minuten erreichen. Die Autobahn Karlsruhe- Basel ist ohne aufw\u00e4ndige Innenstadtfahrt zu erreichen, genauso wie die Universit\u00e4tsklinik oder die Messe Freiburg.<\/div>\n<div>Das neue Europa-Park Stadion des Bundesligavereins Sportclub Freiburg (SCF) im Westen der Stadt Freiburg ist fu\u00dfl\u00e4ufig (in 20 Gehminuten) erreichbar.<\/div>\n<div>&nbsp;<\/div>\n<div>\n<h4>Ausstattung<\/h4>\n<\/div>\n<div>\n<p class=\"dropcaps\">Die vom DTV mit *** zertifizierte 1-Zi-Wohnung (Studio) ist zweckm\u00e4\u00dfig, modern und ganz neu eingerichtet. Sie ist geeignet f\u00fcr 2 Personen und max 1-2 Kinder.<\/p>\n<p>Die Nichtraucher-Wohnung bietet auf einer Gesamtfl\u00e4che von 34 qm ein ger\u00e4umiges Wohn-Schlafzimmer mit einer sonnigen Erdterrasse, eine im Wohnbereich integrierte K\u00fcchenzeile mit kleiner Essecke und einem separaten Badezimmer mit Dusche und WC (F\u00f6hn vorhanden). Sie verf\u00fcgt \u00fcber 2 Betten (jeweils 90x200cm), einem ausziehbaren Sofa (Liegefl\u00e4che 140 cm) sowie einem ausziehbaren Sessel mit einer Liegefl\u00e4che von 88 x 180 cm (Lattenrost und Matratzenauflage), TV\/Sat-Anlage, Radio, Telefon, und Internetzugang (WLAN). Die K\u00fcchenzeile ist ausgestattet mit einem K\u00fchlschrank, herk\u00f6mmlicher Kaffeemaschine, Wasserkocher, Toaster, Mikrowelle und Cerankochfeld.<br \/>\n<\/p>\n<\/div>\n<div>&nbsp;<\/div>\n<div>Bettw\u00e4sche und Handt\u00fccher sind im \u00dcbernachtungspreis inbegriffen. Bei Anreise mit dem PKW steht im \u00f6ffentlichen Parkraum vor dem Haus ausreichend Parkm\u00f6glichkeit, oder im Bedarfsfall gegen geringen Aufpreis ein Autoabstellplatz im Tiefgaragengeschoss im gleichen Haus, zur Verf\u00fcgung.<\/div>\n<div>&nbsp;<\/div>\n<blockquote><p>Die Wohnung ist sehr geschmackvoll eingerichtet, man f\u00fchlt sich von der 1. Minute an wie zu Hause&#8230;<\/p><\/blockquote>\n<div id=\"hrspec\">&nbsp;<\/div>\n<h4>Buchungskonditionen<\/h4>\n<p>Mindestaufenthalt: 4 \u00dcbernachtungen<br \/>\nBei einem Aufenthalt von 3 \u00dcbernachtungen (nur auf Anfrage) wird ein Kurzzeitzuschlag erhoben<br \/>\nAnreise jeden Tag m\u00f6glich, minimum 1 Person, maximum 4 Personen<\/p>\n<div class=\"boxes about_box\">Studio 34qm, 1 Wohn-\/Schlafraum, max. 4 Personen<\/p>\n<p><strong>75,- \u20ac \/ pro Nacht f\u00fcr die 1. Person, jede weitere Person (auch Kinder ab dem 1. Monat) 10 \u20ac<\/strong><\/p>\n<ul>\n<li><strong>Kurzzeitzuschlag f\u00fcr 3 N\u00e4chte:<\/strong>\n<ul>\n<li><strong>80,00 \u20ac<\/strong> einmalig&nbsp;( f\u00fcr 1-2 Personen)&nbsp;<\/li>\n<li><strong>100,00 \u20ac<\/strong> einmalig&nbsp;( f\u00fcr 3-4 Personen)&nbsp;<\/li>\n<\/ul>\n<\/li>\n<li>Saisonzuschlag f\u00fcr die Monate Juli und August auf Anfrage<\/li>\n<li>Langzeitrabatt m\u00f6glich auf Anfrage<\/li>\n<\/ul>\n<h5>Beispiel 1<\/h5>\n<p><strong>3 Personen mit 4 \u00dcbernachtungen:<\/strong><\/p>\n<p><strong>Preis f\u00fcr 1 Tag:<\/strong> 75 \u20ac (1. Person) + 10 \u20ac (2. Person) + 10 \u20ac (3. Person) = 95 \u20ac<\/p>\n<p><strong>Gesamtreisepreis*:<\/strong> 95 \u20ac x 4 \u00dcbernachtungen = 380 \u20ac<\/p>\n<h5>Beispiel 2<\/h5>\n<p><strong>3 Personen mit 3 \u00dcbernachtungen:<\/strong><\/p>\n<p><strong>Preis f\u00fcr 1 Tag:<\/strong> 75 \u20ac (1. Person) + 10 \u20ac (2. Person) + 10 \u20ac (3. Person) = 95 \u20ac<\/p>\n<p><strong>Kurzzeitzuschlag:<\/strong> 100 \u20ac<\/p>\n<p><strong>Gesamtreisepreis*:<\/strong> 95 \u20ac x 3 \u00dcbernachtungen + 100 \u20ac = 385 \u20ac<\/p>\n<p>* <em>siehe Zahlungsmodalit\u00e4ten<\/em><\/p>\n<p><\/div>\n<div class=\"mhBoxYellow\"><img decoding=\"async\" src=\"\/de\/wp-content\/themes\/HotelBooking\/images\/info.png\" alt=\"\"> <strong><a title=\"Belegunsplan\" href=\"http:\/\/ferienwohnung-freiburg-am-seepark.de\/de\/belegungsplan\/\">Belegungsplan anzeigen \u00bb<\/a><\/strong><br \/>\n<img decoding=\"async\" src=\"\/de\/wp-content\/themes\/HotelBooking\/images\/kontakt.png\" alt=\"\"> <strong><a title=\"Unverbindliche Anfrage\" href=\"http:\/\/ferienwohnung-freiburg-am-seepark.de\/de\/1-zi-fewo-schlippehof-iv\/unverbindliche-anfrage\/\">Zur unverbindlichen Anfrage \u00bb<\/a><\/strong><\/div>\n<h4>Zahlungsmodalit\u00e4ten<\/h4>\n<p>Bei verbindlicher Reservierung: Zahlung des Gesamtreisepreises innerhalb von 5 Tagen. Zahlbar per \u00dcberweisung.<\/p>\n<p>Seit dem 01.01.2014 erhebt die Stadt Freiburg f\u00fcr Privatreisende \u00fcber 18 Jahren eine f\u00fcnf prozentige \u00dcbernachtungssteuer.<br \/>\nKinder unter 18 Jahren bezahlen bei uns keine \u00dcbernachtungssteuer.<\/p>\n<h4>Leistungen<\/h4>\n<div class=\"check_list\"><\/p>\n<ul>\n<li>We speak english!<\/li>\n<li>Hablamos espa\u00f1ol! (Tel: +34 616 303712)<\/li>\n<li>On parle fran\u00e7ais!<\/li>\n<li>100 % Preisgarantie<\/li>\n<li>100 % Preisklarheit<\/li>\n<li>100 % Garantie einer sicheren Buchung<\/li>\n<li>Handt\u00fccher und Bettw\u00e4sche inklusiv<\/li>\n<li>Endreinigung inklusiv<\/li>\n<li>Parkpl\u00e4tze gratis im \u00f6ffentlichen Parkraum vor dem Haus vorhanden<\/li>\n<li>Tiefgaragenstellplatz im Haus gegen Aufpreis von 5 \u20ac pro Nacht<\/li>\n<li>Fahrradunterstand<\/li>\n<li>N\u00e4he Flughafen Basel-Mulhouse (ca. 60 km)<\/li>\n<li>N\u00e4he \u00f6ffentliche Nahverkehrsmittel (Stra\u00dfenbahn Haltestelle 80m, Linie 1: Betzenhauser Torplatz. Dauer: 8 Min zur Stadtmitte)<\/li>\n<li>Rauchfreier Gastgeber<\/li>\n<li>Haustiere auf Anfrage<\/li>\n<\/ul>\n<p><\/p><\/div>\n<p>Wir freuen uns auf Ihre Reservierung<\/p>\n<p>Ihre Familie Falk und Bruchh\u00e4user<\/p>\n","protected":false},"excerpt":{"rendered":"<p>1 Zi-FeWo Schlippehof EG (IV) &#8211; ab 75 \u20ac Registrierungsnummer der Stadt Freiburg: 50150444-2 Top-Lage, gepflegte und sehr gut ausgestattete Wohnung! Hier f\u00fchlt man sich wie zuhause! &nbsp; Fotos Beschreibung &nbsp; &nbsp; &nbsp; Die Wohnung befindet sich in direkter N\u00e4he zum attraktiven Freizeitgel\u00e4nde des Seeparks mit seinem \u00f6ffentlichen Badesee (mit Tretbootverleih im Sommer) und Liegewiesen,&#133;<\/p>\n","protected":false},"author":1,"featured_media":0,"parent":0,"menu_order":0,"comment_status":"open","ping_status":"open","template":"","meta":{"ngg_post_thumbnail":0,"footnotes":""},"class_list":["post-818","page","type-page","status-publish","hentry"],"_links":{"self":[{"href":"https:\/\/www.ferienwohnung-freiburg-am-seepark.de\/de\/wp-json\/wp\/v2\/pages\/818","targetHints":{"allow":["GET"]}}],"collection":[{"href":"https:\/\/www.ferienwohnung-freiburg-am-seepark.de\/de\/wp-json\/wp\/v2\/pages"}],"about":[{"href":"https:\/\/www.ferienwohnung-freiburg-am-seepark.de\/de\/wp-json\/wp\/v2\/types\/page"}],"author":[{"embeddable":true,"href":"https:\/\/www.ferienwohnung-freiburg-am-seepark.de\/de\/wp-json\/wp\/v2\/users\/1"}],"replies":[{"embeddable":true,"href":"https:\/\/www.ferienwohnung-freiburg-am-seepark.de\/de\/wp-json\/wp\/v2\/comments?post=818"}],"version-history":[{"count":34,"href":"https:\/\/www.ferienwohnung-freiburg-am-seepark.de\/de\/wp-json\/wp\/v2\/pages\/818\/revisions"}],"predecessor-version":[{"id":1456,"href":"https:\/\/www.ferienwohnung-freiburg-am-seepark.de\/de\/wp-json\/wp\/v2\/pages\/818\/revisions\/1456"}],"wp:attachment":[{"href":"https:\/\/www.ferienwohnung-freiburg-am-seepark.de\/de\/wp-json\/wp\/v2\/media?parent=818"}],"curies":[{"name":"wp","href":"https:\/\/api.w.org\/{rel}","templated":true}]}}